{"id":299,"date":"2021-03-10T09:27:54","date_gmt":"2021-03-10T08:27:54","guid":{"rendered":"https:\/\/campaigns.kohsel.de\/?page_id=299"},"modified":"2021-03-17T09:39:17","modified_gmt":"2021-03-17T08:39:17","slug":"cookie-og-privatlivspolitik-sv","status":"publish","type":"page","link":"https:\/\/campaigns.kohsel.de\/sv\/cookie-og-privatlivspolitik-sv\/","title":{"rendered":"Cookie- og privatlivspolitik SV"},"content":{"rendered":"<div class=\"container\"><div class=\"lg:mx-auto max-w-2xl\"><div class=\"core_spacer\">\n<div style=\"height:100px\" aria-hidden=\"true\" class=\"wp-block-spacer\"><\/div>\n<\/div><\/div><\/div>\n\n<div class=\"block-text-section relative pt-6 md:pt-12 lg:pt-12 pb-6 md:pb-12 lg:pb-12 theme- schema-bg-color-default\"\n     id=\"\">\n\n    <div class=\"container relative\">\n\n        \n            <div class=\"lg:flex lg:-mx-4\">\n                <div class=\"lg:w-3\/5 lg:px-4 mb-6 lg:mb-0\">\n\n                    \n<header class=\"mb-6 md:mb-12  \">\n    \n    \n            <div class=\"mt-6\">\n            <div class=\"wysiwyg-content \">\n                <p>&nbsp;<\/p>\n<h3><strong>Cookies<\/strong><\/h3>\n<p>Denna webbplats anv\u00e4nder \u201ccookies&#8221;, dvs. textfiler som lagras p\u00e5 din dator, telefon eller liknande enheter med syftet att k\u00e4nna igen enheten, komma ih\u00e5g inst\u00e4llningar, generera statistik och m\u00e5linrikta reklam. Kakor kan inte inneh\u00e5lla skadlig kod som t.ex. virus.<\/p>\n<h3>Personlig information<\/h3>\n<p><strong>Allm\u00e4nt<br \/>\n<\/strong>Personlig information \u00e4r all typ av information som kan h\u00e4nf\u00f6ras till dig i viss utstr\u00e4ckning. N\u00e4r du anv\u00e4nder kohsel.dk, samlar vi in och bearbetar den typen av information. Detta kan ske via allm\u00e4n interaktion med inneh\u00e5ll, t.ex. om du registrerar dig f\u00f6r v\u00e5rt nyhetsbrev eller om du skickar ett meddelande till oss p\u00e5 kontaktsidan.<\/p>\n<p>&nbsp;<\/p>\n<p><strong>S\u00e4kerhet<br \/>\n<\/strong>Vi har implementerar tekniska och organisatoriska \u00e5tg\u00e4rder f\u00f6r att s\u00e4kerst\u00e4lla att din information inte, oavsiktligt eller olagligt, raderas, publiceras, f\u00f6rsvinner, \u00e4ventyras eller blir tillg\u00e4nglig f\u00f6r obeh\u00f6riga personer, missbrukas eller p\u00e5 n\u00e5got annat s\u00e4tt bearbetas p\u00e5 ett s\u00e4tt som strider mot sekretessreglerna.<\/p>\n<p>Dina data finns p\u00e5 ett danskt ISO-s\u00e4kerhetscertifierat webbhotell. Dessutom har vi skyddat webbplatsen med f\u00f6ljande s\u00e4kerhets\u00e5tg\u00e4rder:<\/p>\n<ul>\n<li>Drift\u00f6vervakning dygnet runt<\/li>\n<li>Daglig backup som sparas i 30 dagar<\/li>\n<li>Programvara f\u00f6r skydd mot hackerangrepp f\u00f6r webbplatsen och butikssidan. B\u00e5da genoms\u00f6ks efter skadlig kod varje vecka<\/li>\n<li>\u00c5tkomsten till webbplatsen och alla data \u00f6vervakas och efter fem misslyckade f\u00f6rs\u00f6k kan en avst\u00e4ngning implementeras<\/li>\n<li>Ljudlogg f\u00f6r vem som har gjort \u00e4ndringar p\u00e5 webbplatsen, samt vilka \u00e4ndringar och n\u00e4r<\/li>\n<li>Kontinuerliga uppdateringar av programvaran p\u00e5 webbplatsen f\u00f6r att minimera hackerangrepp<\/li>\n<li>SSL-certifikat p\u00e5 webbplatsen f\u00f6r att den ska kunna k\u00f6ra https<\/li>\n<\/ul>\n<p>&nbsp;<\/p>\n<p><strong>Lagringsvillkor<br \/>\n<\/strong>Information lagras under den tid som \u00e4r lagligt till\u00e5ten och informationen raderas n\u00e4r den anses on\u00f6dig. Tidsperioden kan variera eftersom tidsperioden beror p\u00e5 typen av information och orsaken till lagringen. D\u00e4rf\u00f6r \u00e4r det inte m\u00f6jligt att ange en allm\u00e4n tidsperiod f\u00f6r n\u00e4r informationen raderas.<\/p>\n<p>&nbsp;<\/p>\n<p><strong>\u00d6verf\u00f6ring av information<br \/>\n<\/strong>\u00d6verf\u00f6ring av personlig information, s\u00e5som namn och e-post, sker endast om du ger skriftligt samtycke till \u00f6verf\u00f6ringen. Vi anv\u00e4nder endast databehandlare inom EU och det finns ett databehandlingsavtal som g\u00e4ller f\u00f6r varje databehandlare.<\/p>\n<p>&nbsp;<\/p>\n<p><strong>Insikter och klagom\u00e5l<br \/>\n<\/strong>Du kan f\u00e5 den personliga informationen behandlad p\u00e5 v\u00e5r webbplats eftersom det \u00e4r din r\u00e4ttighet. Dessutom kan du n\u00e4r som helst protestera mot att information anv\u00e4nds. Du kan \u00e4ven dra tillbaka ditt samtycke till att din information anv\u00e4nds. Om din behandlade information \u00e4r felaktig, kan du v\u00e4lja att korrigera eller ta bort informationen. F\u00f6rfr\u00e5gningar om detta riktas till:\u00a0<a href=\"mailto:kohsel@kohsel.dk\">kohsel@kohsel.dk<\/a>.<br \/>\nOm du vill l\u00e4mna in ett klagom\u00e5l om s\u00e4ttet vi behandlar din information p\u00e5, kan du \u00e4ven kontakta\u00a0<a href=\"https:\/\/www.datatilsynet.dk\/\">Danish Agency for Data Processing<\/a>.<\/p>\n<p>&nbsp;<\/p>\n<p><strong>Publicering<br \/>\n<\/strong>Webbplatsen \u00e4gs och publiceras av<\/p>\n<p>Kohsel A\/S<br \/>\nS\u00f8nderskovvej 1<br \/>\nDK-8362 H\u00f8rning<br \/>\nDanmark<br \/>\n<a href=\"tel:4587680808\">T:<\/a><a href=\"tel:4587680808\"> +45 87 680 808<\/a><br \/>\n<a href=\"mailto:kohsel@kohsel.dk\">M: kohsel@kohsel.dk<\/a><\/p>\n            <\/div>\n        <\/div>\n    <\/header>\n\n                <\/div>\n\n\n            <\/div>\n\n        \n\n\n    <\/div>\n<\/div>","protected":false},"excerpt":{"rendered":"","protected":false},"author":1,"featured_media":0,"parent":0,"menu_order":0,"comment_status":"closed","ping_status":"closed","template":"","meta":[],"segment":[],"acf":[],"yoast_head":"<!-- This site is optimized with the Yoast SEO plugin v19.14 - https:\/\/yoast.com\/wordpress\/plugins\/seo\/ -->\n<title>Cookie- og privatlivspolitik SV - Kohsel - Campaigns<\/title>\n<meta name=\"robots\" content=\"index, follow, max-snippet:-1, max-image-preview:large, max-video-preview:-1\" \/>\n<link rel=\"canonical\" href=\"https:\/\/campaigns.kohsel.de\/sv\/cookie-og-privatlivspolitik-sv\/\" \/>\n<meta property=\"og:locale\" content=\"sv_SE\" \/>\n<meta property=\"og:type\" content=\"article\" \/>\n<meta property=\"og:title\" content=\"Cookie- og privatlivspolitik SV - Kohsel - Campaigns\" \/>\n<meta property=\"og:url\" content=\"https:\/\/campaigns.kohsel.de\/sv\/cookie-og-privatlivspolitik-sv\/\" \/>\n<meta property=\"og:site_name\" content=\"Kohsel - Campaigns\" \/>\n<meta property=\"article:modified_time\" content=\"2021-03-17T08:39:17+00:00\" \/>\n<meta name=\"twitter:card\" content=\"summary_large_image\" \/>\n<script type=\"application\/ld+json\" class=\"yoast-schema-graph\">{\"@context\":\"https:\/\/schema.org\",\"@graph\":[{\"@type\":\"WebPage\",\"@id\":\"https:\/\/campaigns.kohsel.de\/sv\/cookie-og-privatlivspolitik-sv\/\",\"url\":\"https:\/\/campaigns.kohsel.de\/sv\/cookie-og-privatlivspolitik-sv\/\",\"name\":\"Cookie- og privatlivspolitik SV - Kohsel - Campaigns\",\"isPartOf\":{\"@id\":\"https:\/\/campaigns.kohsel.de\/#website\"},\"datePublished\":\"2021-03-10T08:27:54+00:00\",\"dateModified\":\"2021-03-17T08:39:17+00:00\",\"inLanguage\":\"sv-SE\",\"potentialAction\":[{\"@type\":\"ReadAction\",\"target\":[\"https:\/\/campaigns.kohsel.de\/sv\/cookie-og-privatlivspolitik-sv\/\"]}]},{\"@type\":\"WebSite\",\"@id\":\"https:\/\/campaigns.kohsel.de\/#website\",\"url\":\"https:\/\/campaigns.kohsel.de\/\",\"name\":\"Kohsel - Campaigns\",\"description\":\"\",\"potentialAction\":[{\"@type\":\"SearchAction\",\"target\":{\"@type\":\"EntryPoint\",\"urlTemplate\":\"https:\/\/campaigns.kohsel.de\/?s={search_term_string}\"},\"query-input\":\"required name=search_term_string\"}],\"inLanguage\":\"sv-SE\"}]}<\/script>\n<!-- \/ Yoast SEO plugin. -->","yoast_head_json":{"title":"Cookie- og privatlivspolitik SV - Kohsel - Campaigns","robots":{"index":"index","follow":"follow","max-snippet":"max-snippet:-1","max-image-preview":"max-image-preview:large","max-video-preview":"max-video-preview:-1"},"canonical":"https:\/\/campaigns.kohsel.de\/sv\/cookie-og-privatlivspolitik-sv\/","og_locale":"sv_SE","og_type":"article","og_title":"Cookie- og privatlivspolitik SV - Kohsel - Campaigns","og_url":"https:\/\/campaigns.kohsel.de\/sv\/cookie-og-privatlivspolitik-sv\/","og_site_name":"Kohsel - Campaigns","article_modified_time":"2021-03-17T08:39:17+00:00","twitter_card":"summary_large_image","schema":{"@context":"https:\/\/schema.org","@graph":[{"@type":"WebPage","@id":"https:\/\/campaigns.kohsel.de\/sv\/cookie-og-privatlivspolitik-sv\/","url":"https:\/\/campaigns.kohsel.de\/sv\/cookie-og-privatlivspolitik-sv\/","name":"Cookie- og privatlivspolitik SV - Kohsel - Campaigns","isPartOf":{"@id":"https:\/\/campaigns.kohsel.de\/#website"},"datePublished":"2021-03-10T08:27:54+00:00","dateModified":"2021-03-17T08:39:17+00:00","inLanguage":"sv-SE","potentialAction":[{"@type":"ReadAction","target":["https:\/\/campaigns.kohsel.de\/sv\/cookie-og-privatlivspolitik-sv\/"]}]},{"@type":"WebSite","@id":"https:\/\/campaigns.kohsel.de\/#website","url":"https:\/\/campaigns.kohsel.de\/","name":"Kohsel - Campaigns","description":"","potentialAction":[{"@type":"SearchAction","target":{"@type":"EntryPoint","urlTemplate":"https:\/\/campaigns.kohsel.de\/?s={search_term_string}"},"query-input":"required name=search_term_string"}],"inLanguage":"sv-SE"}]}},"_links":{"self":[{"href":"https:\/\/campaigns.kohsel.de\/sv\/wp-json\/wp\/v2\/pages\/299"}],"collection":[{"href":"https:\/\/campaigns.kohsel.de\/sv\/wp-json\/wp\/v2\/pages"}],"about":[{"href":"https:\/\/campaigns.kohsel.de\/sv\/wp-json\/wp\/v2\/types\/page"}],"author":[{"embeddable":true,"href":"https:\/\/campaigns.kohsel.de\/sv\/wp-json\/wp\/v2\/users\/1"}],"replies":[{"embeddable":true,"href":"https:\/\/campaigns.kohsel.de\/sv\/wp-json\/wp\/v2\/comments?post=299"}],"version-history":[{"count":4,"href":"https:\/\/campaigns.kohsel.de\/sv\/wp-json\/wp\/v2\/pages\/299\/revisions"}],"predecessor-version":[{"id":440,"href":"https:\/\/campaigns.kohsel.de\/sv\/wp-json\/wp\/v2\/pages\/299\/revisions\/440"}],"wp:attachment":[{"href":"https:\/\/campaigns.kohsel.de\/sv\/wp-json\/wp\/v2\/media?parent=299"}],"wp:term":[{"taxonomy":"segment","embeddable":true,"href":"https:\/\/campaigns.kohsel.de\/sv\/wp-json\/wp\/v2\/segment?post=299"}],"curies":[{"name":"wp","href":"https:\/\/api.w.org\/{rel}","templated":true}]}}